{"id":106,"date":"2020-07-15T19:30:49","date_gmt":"2020-07-15T17:30:49","guid":{"rendered":"https:\/\/amimpianticn.com\/www\/one-page-express-child\/"},"modified":"2023-05-28T23:22:36","modified_gmt":"2023-05-28T21:22:36","slug":"am-impianti-caraglio-cuneo","status":"publish","type":"page","link":"https:\/\/amimpianticn.com\/www\/","title":{"rendered":"Front Page"},"content":{"rendered":"<div data-label=\"Overlapable\" data-id=\"stripped-coloured-icon-boxes\" data-category=\"overlapable\" class=\"features-coloured-icon-boxes-section stripped-coloured-icon-boxes\" data-overlap=\"true\" id=\"overlapable-2\" style=\"background-color: rgb(255, 255, 255);\">\n<div class=\"gridContainer\">\n<div class=\"features-coloured-icon-boxes-innerrow flexbox-list dark-text\" data-type=\"row\">\n<div class=\"features-coloured-icon-boxes-featurecol cp3cols\">\n<div class=\"features-coloured-icon-boxes-iconcontainer\" data-content-item-container=\"true\"> <i data-cp-fa=\"true\" class=\"features-coloured-icon fa fa-lock\"><\/i><\/div>\n<h4 class=\"\">ANTIFURTI<\/h4>\n<p class=\"\">Rendete sicura la vostra casa e l\u2019azienda in ogni momento della giornata\u2026<\/p>\n <a class=\"features-coloured-button\" href=\"https:\/\/amimpianticn.com\/www\/antifurti\" target=\"_self\" rel=\"noopener\">INFORMAZIONI<\/a>\n\n<\/div>\n<div class=\"features-coloured-icon-boxes-featurecol cp3cols\">\n<div class=\"features-coloured-icon-boxes-iconcontainer\" data-content-item-container=\"true\"> <i data-cp-fa=\"true\" class=\"features-coloured-icon fa fa-video-camera\"><\/i><\/div>\n<h4 class=\"\">TELECAMERE<\/h4>\n<p class=\"\">Tenete sotto controllo cosa succede in casa o in azienda, ovunque vi troviate\u2026<\/p>\n <a class=\"features-coloured-button\" href=\"https:\/\/amimpianticn.com\/www\/telecamere\" target=\"_self\" rel=\"noopener\">INFORMAZIONI<\/a>\n\n<\/div>\n<\/div>\n<\/div>\n<\/div>\n<div id=\"cta-1\" data-label=\"Call to action\" data-id=\"cta-blue-section\" data-category=\"cta\" class=\"cta-blue-section\">\n<div class=\"gridContainer\">\n<div class=\"flexbox-list flexbox-list-align-center row\">\n<div class=\"cta-blue-textcol dynamic-color\">\n<h2 class=\"cta-blue-text\"> <b class=\"element2\">Chiedete un preventivo.\n\n<\/b><b class=\"element2\"><\/b><b class=\"element2\"><\/b><b class=\"element2\">\n\u00c8 GRATIS!&nbsp; <\/b><\/h2>\n<\/div>\n<div class=\"cta-blue-btncol\"> <a class=\"button big yellow dark-text\" href=\"https:\/\/amimpianticn.com\/www\/richiesta-preventivo\" target=\"_self\" rel=\"noopener noreferrer\"> Preventivo <\/a><\/div>\n<\/div>\n<\/div>\n<\/div>\n<div data-label=\"Content\" data-id=\"content-full-left-image-section\" data-category=\"content\" class=\"content-full-left-image-section\" id=\"content-1\" style=\"background-color: rgb(246, 246, 246);\">\n<div class=\"content-full-left-image-innerrow\">\n<div data-bg=\"image\" class=\"content-full-left-image-imgcol\" style=\"background-image: url(&quot;https:\/\/amimpianticn.com\/www\/wp-content\/uploads\/2021\/02\/app-lares-ksenia_s.png&quot;);\"><\/div>\n<div class=\"content-full-left-image-textcol dynamic-color\">\n<div data-type=\"column\" class=\"\">\n<h5 class=\"\">COSA POSSIAMO FARE PER VOI\u2026<\/h5>\n<p class=\"\">Ci occupiamo di progettazione e installazione di sistemi di sorveglianza e antifurto, mettendo al vostro servizio la nostra ventennale esperienza in questo campo.\nSelezioniamo accuratamente i nostri fornitori e, a seconda delle vostre esigenze, sapremo consigliarvi l\u2019impianto pi\u00f9 adatto.<\/p>\n\n<h2 class=\"\">Chi sono i nostri Clienti?<\/h2>\n<\/div>\n<div class=\"content-full-left-image-featuresrow\">\n<div class=\"content-full-left-image-featurescol\" data-type=\"column\">\n<h5 class=\"\">PRIVATI<\/h5>\n<p class=\"\">che desiderano mettere in sicurezza la propria casa<\/p>\n\n<h5 class=\"\">AZIENDE AGRICOLE<\/h5>\n<p class=\"\">che hanno bisogno di tenere sotto controllo gli ambienti<\/p>\n\n<\/div>\n<div class=\"content-full-left-image-featurescol\" data-type=\"column\">\n<h5 class=\"\">COMMERCIANTI<\/h5>\n<p class=\"\">che lavorano in settori a maggiore rischio di furto<\/p>\n\n<h5 class=\"\">AZIENDE INDUSTRIALI<\/h5>\n<p class=\"\">che vogliono monitorare le catene di produzione<\/p>\n\n<\/div>\n<\/div>\n<\/div>\n<\/div>\n<\/div>\n<div id=\"contact-4\" data-label=\"Contact\" data-id=\"contact-section\" data-category=\"contact\" data-bg=\"transparent\" class=\"contact-section-formsection white-text\">\n<div class=\"\">\n<div class=\"row_224\">\n<div class=\"contact-textrow\">\n<div class=\"contact-textcol dynamic-color\">\n<h2 class=\"\">Contattateci e\n\nchiedete un preventivo<\/h2>\n<p class=\"white_text\">Per una scelta tanto importante, \u00e8 essenziale affidarsi a chi ha esperienza<\/p>\n\n<\/div>\n<\/div>\n<\/div>\n<div class=\"contact-formcol\" data-content-shortcode=\"one_page_express_contact_form shortcode=&quot;contact-form-7 id=&amp;amp;quot;212&amp;amp;quot; title=&amp;amp;quot;Modulo di contatto 1&amp;amp;quot;&quot;\" data-editable=\"true\">\n<div class=\"wpcf7 no-js\" id=\"wpcf7-f212-o1\" lang=\"it-IT\" dir=\"ltr\" data-wpcf7-id=\"212\">\n<div class=\"screen-reader-response\"><p role=\"status\" aria-live=\"polite\" aria-atomic=\"true\"><\/p> <ul><\/ul><\/div>\n<form action=\"\/www\/wp-json\/wp\/v2\/pages\/106#wpcf7-f212-o1\" method=\"post\" class=\"wpcf7-form init\" aria-label=\"Modulo di contatto\" novalidate=\"novalidate\" data-status=\"init\">\n<div style=\"display: none;\">\n<input type=\"hidden\" name=\"_wpcf7\" value=\"212\" \/>\n<input type=\"hidden\" name=\"_wpcf7_version\" value=\"6.0.6\" \/>\n<input type=\"hidden\" name=\"_wpcf7_locale\" value=\"it_IT\" \/>\n<input type=\"hidden\" name=\"_wpcf7_unit_tag\" value=\"wpcf7-f212-o1\" \/>\n<input type=\"hidden\" name=\"_wpcf7_container_post\" value=\"0\" \/>\n<input type=\"hidden\" name=\"_wpcf7_posted_data_hash\" value=\"\" \/>\n<\/div>\n<p><label>Nome Cognome<br \/>\n<span class=\"wpcf7-form-control-wrap\" data-name=\"nomecognome\"><input size=\"40\" maxlength=\"400\" class=\"wpcf7-form-control wpcf7-text wpcf7-validates-as-required\" aria-required=\"true\" aria-invalid=\"false\" value=\"\" type=\"text\" name=\"nomecognome\" \/><\/span> <\/label>\n<\/p>\n<p><label> E-mail<br \/>\n<span class=\"wpcf7-form-control-wrap\" data-name=\"email\"><input size=\"40\" maxlength=\"400\" class=\"wpcf7-form-control wpcf7-email wpcf7-validates-as-required wpcf7-text wpcf7-validates-as-email\" aria-required=\"true\" aria-invalid=\"false\" value=\"\" type=\"email\" name=\"email\" \/><\/span> <\/label>\n<\/p>\n<p><label> Oggetto<br \/>\n<span class=\"wpcf7-form-control-wrap\" data-name=\"oggetto\"><input size=\"40\" maxlength=\"400\" class=\"wpcf7-form-control wpcf7-text wpcf7-validates-as-required\" aria-required=\"true\" aria-invalid=\"false\" value=\"\" type=\"text\" name=\"oggetto\" \/><\/span> <\/label>\n<\/p>\n<p><label> Messaggio<br \/>\n<span class=\"wpcf7-form-control-wrap\" data-name=\"messaggio\"><textarea cols=\"40\" rows=\"10\" maxlength=\"2000\" class=\"wpcf7-form-control wpcf7-textarea\" aria-invalid=\"false\" name=\"messaggio\"><\/textarea><\/span> <\/label>\n<\/p>\n\n<!--googleoff: index-->\n<p><span style=\"color:#000; font-size:0.7em; line-height:normal;\"><b>NORMA SULLA PRIVACY<\/b><br \/>\nAM Impianti di Caraglio (CN) tratter\u00e0 i dati del Cliente con discrezione e nel rispetto degli obblighi del Regolamento EU 2016\/679 (GDPR). Secondo la normativa indicata, tale trattamento sar\u00e0 improntato ai principi di correttezza, di liceit\u00e0, di trasparenza e di tutela della riservatezza e dei diritti del Cliente. I dati non saranno comunicati a terze parti, e saranno soltanto utilizzati per le finalit\u00e0 connesse alla propria attivit\u00e0 di noleggio auto con conducente, incluse eventuali iniziative promozionali. In qualsiasi momento il Cliente potr\u00e0 esercitare il diritto di modificare, di integrare o di richiedere la cancellazione dei suoi dati, facendone richiesta via mail a info@amimpianticn.com.<br \/>\n<span style=\"color:#FF0000;\"><b>Inviando il mail, il Cliente acconsente al trattamento dei propri dati.<\/b><\/span><br \/>\n<span class=\"wpcf7-form-control-wrap\" data-name=\"acceptance-privacy\"><span class=\"wpcf7-form-control wpcf7-acceptance\"><span class=\"wpcf7-list-item\"><label><input type=\"checkbox\" name=\"acceptance-privacy\" value=\"1\" aria-invalid=\"false\" \/><span class=\"wpcf7-list-item-label\">S\u00ec, acconsento al trattamento dei miei dati.<\/span><\/label><\/span><\/span><\/span><br \/>\n<input class=\"wpcf7-form-control wpcf7-submit has-spinner\" type=\"submit\" value=\"Invio\" \/><\/span><br \/>\n<!--googleon: index-->\n<\/p><div class=\"wpcf7-response-output\" aria-hidden=\"true\"><\/div>\n<\/form>\n<\/div>\n<\/div>\n<\/div>\n<\/div>","protected":false},"excerpt":{"rendered":"<p>ANTIFURTI Rendete sicura la vostra casa e l\u2019azienda in ogni momento della giornata\u2026 INFORMAZIONI TELECAMERE Tenete sotto controllo cosa succede in casa o in azienda, ovunque vi troviate\u2026 INFORMAZIONI Chiedete un preventivo. \u00c8 GRATIS!&nbsp; Preventivo COSA POSSIAMO FARE PER VOI\u2026 Ci occupiamo di progettazione e installazione di sistemi di sorveglianza e antifurto, mettendo al vostro&hellip; <br \/> <a class=\"button small blue\" href=\"https:\/\/amimpianticn.com\/www\/centrali-antrintrusione-lares\/\">Leggi tutto<\/a><\/p>\n","protected":false},"author":1,"featured_media":0,"parent":0,"menu_order":0,"comment_status":"closed","ping_status":"closed","template":"","meta":{"footnotes":"","_links_to":"","_links_to_target":""},"class_list":["post-106","page","type-page","status-publish","hentry"],"yoast_head":"<!-- This site is optimized with the Yoast SEO plugin v25.0 - https:\/\/yoast.com\/wordpress\/plugins\/seo\/ -->\n<title>Front Page - AM Impianti, Caraglio (Cuneo)<\/title>\n<meta name=\"robots\" content=\"index, follow, max-snippet:-1, max-image-preview:large, max-video-preview:-1\" \/>\n<link rel=\"canonical\" href=\"https:\/\/amimpianticn.com\/www\/\" \/>\n<meta property=\"og:locale\" content=\"it_IT\" \/>\n<meta property=\"og:type\" content=\"article\" \/>\n<meta property=\"og:title\" content=\"Front Page - AM Impianti, Caraglio (Cuneo)\" \/>\n<meta property=\"og:description\" content=\"ANTIFURTI Rendete sicura la vostra casa e l\u2019azienda in ogni momento della giornata\u2026 INFORMAZIONI TELECAMERE Tenete sotto controllo cosa succede in casa o in azienda, ovunque vi troviate\u2026 INFORMAZIONI Chiedete un preventivo. \u00c8 GRATIS!&nbsp; Preventivo COSA POSSIAMO FARE PER VOI\u2026 Ci occupiamo di progettazione e installazione di sistemi di sorveglianza e antifurto, mettendo al vostro&hellip; Leggi tutto\" \/>\n<meta property=\"og:url\" content=\"https:\/\/amimpianticn.com\/www\/\" \/>\n<meta property=\"og:site_name\" content=\"AM Impianti, Caraglio (Cuneo)\" \/>\n<meta property=\"article:modified_time\" content=\"2023-05-28T21:22:36+00:00\" \/>\n<meta name=\"twitter:card\" content=\"summary_large_image\" \/>\n<meta name=\"twitter:label1\" content=\"Tempo di lettura stimato\" \/>\n\t<meta name=\"twitter:data1\" content=\"1 minuto\" \/>\n<script type=\"application\/ld+json\" class=\"yoast-schema-graph\">{\"@context\":\"https:\/\/schema.org\",\"@graph\":[{\"@type\":\"WebPage\",\"@id\":\"https:\/\/amimpianticn.com\/www\/\",\"url\":\"https:\/\/amimpianticn.com\/www\/\",\"name\":\"Front Page - AM Impianti, Caraglio (Cuneo)\",\"isPartOf\":{\"@id\":\"https:\/\/amimpianticn.com\/www\/#website\"},\"datePublished\":\"2020-07-15T17:30:49+00:00\",\"dateModified\":\"2023-05-28T21:22:36+00:00\",\"breadcrumb\":{\"@id\":\"https:\/\/amimpianticn.com\/www\/#breadcrumb\"},\"inLanguage\":\"it-IT\",\"potentialAction\":[{\"@type\":\"ReadAction\",\"target\":[\"https:\/\/amimpianticn.com\/www\/\"]}]},{\"@type\":\"BreadcrumbList\",\"@id\":\"https:\/\/amimpianticn.com\/www\/#breadcrumb\",\"itemListElement\":[{\"@type\":\"ListItem\",\"position\":1,\"name\":\"Home\",\"item\":\"https:\/\/amimpianticn.com\/www\/\"},{\"@type\":\"ListItem\",\"position\":2,\"name\":\"Front Page\"}]},{\"@type\":\"WebSite\",\"@id\":\"https:\/\/amimpianticn.com\/www\/#website\",\"url\":\"https:\/\/amimpianticn.com\/www\/\",\"name\":\"AM Impianti, Caraglio (Cuneo)\",\"description\":\"Antifurti \u00b7 Videocontrollo\",\"publisher\":{\"@id\":\"https:\/\/amimpianticn.com\/www\/#organization\"},\"potentialAction\":[{\"@type\":\"SearchAction\",\"target\":{\"@type\":\"EntryPoint\",\"urlTemplate\":\"https:\/\/amimpianticn.com\/www\/?s={search_term_string}\"},\"query-input\":{\"@type\":\"PropertyValueSpecification\",\"valueRequired\":true,\"valueName\":\"search_term_string\"}}],\"inLanguage\":\"it-IT\"},{\"@type\":\"Organization\",\"@id\":\"https:\/\/amimpianticn.com\/www\/#organization\",\"name\":\"AM Impianti, Caraglio (Cuneo)\",\"url\":\"https:\/\/amimpianticn.com\/www\/\",\"logo\":{\"@type\":\"ImageObject\",\"inLanguage\":\"it-IT\",\"@id\":\"https:\/\/amimpianticn.com\/www\/#\/schema\/logo\/image\/\",\"url\":\"https:\/\/amimpianticn.com\/www\/wp-content\/uploads\/2020\/07\/cropped-logo_amimpianti_white-2.png\",\"contentUrl\":\"https:\/\/amimpianticn.com\/www\/wp-content\/uploads\/2020\/07\/cropped-logo_amimpianti_white-2.png\",\"width\":580,\"height\":229,\"caption\":\"AM Impianti, Caraglio (Cuneo)\"},\"image\":{\"@id\":\"https:\/\/amimpianticn.com\/www\/#\/schema\/logo\/image\/\"}}]}<\/script>\n<!-- \/ Yoast SEO plugin. -->","yoast_head_json":{"title":"Front Page - AM Impianti, Caraglio (Cuneo)","robots":{"index":"index","follow":"follow","max-snippet":"max-snippet:-1","max-image-preview":"max-image-preview:large","max-video-preview":"max-video-preview:-1"},"canonical":"https:\/\/amimpianticn.com\/www\/","og_locale":"it_IT","og_type":"article","og_title":"Front Page - AM Impianti, Caraglio (Cuneo)","og_description":"ANTIFURTI Rendete sicura la vostra casa e l\u2019azienda in ogni momento della giornata\u2026 INFORMAZIONI TELECAMERE Tenete sotto controllo cosa succede in casa o in azienda, ovunque vi troviate\u2026 INFORMAZIONI Chiedete un preventivo. \u00c8 GRATIS!&nbsp; Preventivo COSA POSSIAMO FARE PER VOI\u2026 Ci occupiamo di progettazione e installazione di sistemi di sorveglianza e antifurto, mettendo al vostro&hellip; Leggi tutto","og_url":"https:\/\/amimpianticn.com\/www\/","og_site_name":"AM Impianti, Caraglio (Cuneo)","article_modified_time":"2023-05-28T21:22:36+00:00","twitter_card":"summary_large_image","twitter_misc":{"Tempo di lettura stimato":"1 minuto"},"schema":{"@context":"https:\/\/schema.org","@graph":[{"@type":"WebPage","@id":"https:\/\/amimpianticn.com\/www\/","url":"https:\/\/amimpianticn.com\/www\/","name":"Front Page - AM Impianti, Caraglio (Cuneo)","isPartOf":{"@id":"https:\/\/amimpianticn.com\/www\/#website"},"datePublished":"2020-07-15T17:30:49+00:00","dateModified":"2023-05-28T21:22:36+00:00","breadcrumb":{"@id":"https:\/\/amimpianticn.com\/www\/#breadcrumb"},"inLanguage":"it-IT","potentialAction":[{"@type":"ReadAction","target":["https:\/\/amimpianticn.com\/www\/"]}]},{"@type":"BreadcrumbList","@id":"https:\/\/amimpianticn.com\/www\/#breadcrumb","itemListElement":[{"@type":"ListItem","position":1,"name":"Home","item":"https:\/\/amimpianticn.com\/www\/"},{"@type":"ListItem","position":2,"name":"Front Page"}]},{"@type":"WebSite","@id":"https:\/\/amimpianticn.com\/www\/#website","url":"https:\/\/amimpianticn.com\/www\/","name":"AM Impianti, Caraglio (Cuneo)","description":"Antifurti \u00b7 Videocontrollo","publisher":{"@id":"https:\/\/amimpianticn.com\/www\/#organization"},"potentialAction":[{"@type":"SearchAction","target":{"@type":"EntryPoint","urlTemplate":"https:\/\/amimpianticn.com\/www\/?s={search_term_string}"},"query-input":{"@type":"PropertyValueSpecification","valueRequired":true,"valueName":"search_term_string"}}],"inLanguage":"it-IT"},{"@type":"Organization","@id":"https:\/\/amimpianticn.com\/www\/#organization","name":"AM Impianti, Caraglio (Cuneo)","url":"https:\/\/amimpianticn.com\/www\/","logo":{"@type":"ImageObject","inLanguage":"it-IT","@id":"https:\/\/amimpianticn.com\/www\/#\/schema\/logo\/image\/","url":"https:\/\/amimpianticn.com\/www\/wp-content\/uploads\/2020\/07\/cropped-logo_amimpianti_white-2.png","contentUrl":"https:\/\/amimpianticn.com\/www\/wp-content\/uploads\/2020\/07\/cropped-logo_amimpianti_white-2.png","width":580,"height":229,"caption":"AM Impianti, Caraglio (Cuneo)"},"image":{"@id":"https:\/\/amimpianticn.com\/www\/#\/schema\/logo\/image\/"}}]}},"_links":{"self":[{"href":"https:\/\/amimpianticn.com\/www\/wp-json\/wp\/v2\/pages\/106","targetHints":{"allow":["GET"]}}],"collection":[{"href":"https:\/\/amimpianticn.com\/www\/wp-json\/wp\/v2\/pages"}],"about":[{"href":"https:\/\/amimpianticn.com\/www\/wp-json\/wp\/v2\/types\/page"}],"author":[{"embeddable":true,"href":"https:\/\/amimpianticn.com\/www\/wp-json\/wp\/v2\/users\/1"}],"replies":[{"embeddable":true,"href":"https:\/\/amimpianticn.com\/www\/wp-json\/wp\/v2\/comments?post=106"}],"version-history":[{"count":0,"href":"https:\/\/amimpianticn.com\/www\/wp-json\/wp\/v2\/pages\/106\/revisions"}],"wp:attachment":[{"href":"https:\/\/amimpianticn.com\/www\/wp-json\/wp\/v2\/media?parent=106"}],"curies":[{"name":"wp","href":"https:\/\/api.w.org\/{rel}","templated":true}]}}